{"id":2598,"date":"2025-06-27T09:19:36","date_gmt":"2025-06-27T09:19:36","guid":{"rendered":"https:\/\/lt.olearys.club\/akropolis\/?page_id=2598"},"modified":"2025-06-27T09:20:58","modified_gmt":"2025-06-27T09:20:58","slug":"privatumo-politika","status":"publish","type":"page","link":"https:\/\/lt.olearys.club\/akropolis\/privatumo-politika\/","title":{"rendered":"Privatumo politika"},"content":{"rendered":"<p><strong>APL Restaurantsm AKR, UAB<\/strong>, &nbsp;juridinio asmens kodas: 304971246, Adresu: Ukmerg\u0117s g. 219 , LT-07152, Vilnius (toliau \u2013 Mes) saugo savo klient\u0173 (toliau &#8211; J\u016bs, J\u016bs\u0173) asmens duomenis, taikydama auk\u0161\u010diausius techninius ir teisinius apsaugos standartus, kurie atitinka Europos S\u0105jungos Bendrojo duomen\u0173 apsaugos reglamento reikalavimus. \u017demiau J\u016bs galite susipa\u017einti su pagrindin\u0117mis asmens duomen\u0173 apsaugos tvarkos nuostatomis.<\/p>\n<ol>\n<li><strong>Kokius asmens duomenis mes renkame, saugome ir naudojame, kam teikiame?<\/strong><\/li>\n<\/ol>\n<p>Asmens duomenys leid\u017eia identifikuoti J\u016bs\u0173 asmen\u012f. Tai gali b\u016bti:<\/p>\n<ul>\n<li>Vardas, pavard\u0117<\/li>\n<li>Telefono Nr.<\/li>\n<li>Elektroninio pa\u0161to adresas<\/li>\n<\/ul>\n<p>Taip pat mes galime rinkti, saugoti ir naudoti informacij\u0105 apie J\u016bs\u0173 apsilankymus \u0161ioje interneto svetain\u0117je (ir\/ar mobilioje aplikacijoje) bei naudojim\u0105si \u0161ia interneto svetaine (\u012fskaitant J\u016bs\u0173 IP adres\u0105, geografin\u0119 viet\u0105, nar\u0161ykl\u0117s tip\u0105, i\u0161 kur buvote nukreiptas, lankymosi trukm\u0119 ir puslapi\u0173 \u017ei\u016br\u0117jim\u0173 skai\u010di\u0173).<\/p>\n<p>Jeigu J\u016bs pateikiate mums kito asmens duomenis, mes laikome, kad J\u016bs esate tinkamai gav\u0119 i\u0161 to asmens sutikim\u0105 d\u0117l jo asmens duomen\u0173 pateikimo.<\/p>\n<p>J\u016bs\u0173 asmens duomenys gali b\u016bti prienami tik ribotam m\u016bs\u0173 Bendrov\u0117s darbuotoj\u0173 ir m\u016bs\u0173 Bendrov\u0117s IT, rinkodaros, teisines paslaugas teikian\u010di\u0173 subjekt\u0173 ratui, ir tik tokia apimtimi, kiek tai yra b\u016btina \u012fgyvendinti tinkam\u0105 J\u016bs\u0173 asmens duomen\u0173 tvarkym\u0105, ir visiems \u0161iems asmenims galios grie\u017eti konfidencialios informacijos apsaugos reikalavimai.<\/p>\n<ol start=\"2\">\n<li><strong>Kokiu b\u016bdu mums tampa prieinami J\u016bs\u0173 asmens duomenys? Koks teisinis pagrindas tvarkyti asmens duomenis?<\/strong><\/li>\n<\/ol>\n<p>J\u016bs\u0173 asmens duomenis mums tampa prieinami, kai J\u016bs juos pateikiate mums:<\/p>\n<ul>\n<li>Rezervuojant boulingo takel\u012f<\/li>\n<li>Rezervuojant gimtadienio \u0161vent\u0119<\/li>\n<li>Perkant dovan\u0173 kupon\u0105<\/li>\n<li>Rezervuojant pietus<\/li>\n<li>Registruojantis \u012f turnyrus<\/li>\n<li>Jums sutikus gauti m\u016bs\u0173 paslaug\u0173 pasi\u016blymus (tiesiogin\u0117s rinkodaros tikslu)<\/li>\n<li>Jums pildant potencialaus darbuotojo anket\u0105<\/li>\n<\/ul>\n<p>Pagal Lietuvos Respublikos Vyriausyb\u0117s nutarim\u0105 d\u0117l Lietuvos Respublikos Vyriausyb\u0117s 2020 m. vasario 26 d. nutarimo Nr. 152 \u201cD\u0117l Valstyb\u0117s lygio ekstremaliosios situacijos paskelbimo\u201d pakeitim\u0105 (toliau \u2013 Vyriausyb\u0117s nutarimas).<\/p>\n<p>Teis\u0117to tvarkymo pagrindai yra \u0161ie:<\/p>\n<ul>\n<li>Sutikimas<\/li>\n<li>Sutartis<\/li>\n<li>Teis\u0117tas interesas<\/li>\n<\/ul>\n<ol start=\"3\">\n<li><strong>Slapukai<\/strong><\/li>\n<\/ol>\n<p>Slapukai, signalai ir pana\u0161ios technologijos.<\/p>\n<p>\u0160iose PT termin\u0105 \u201eslapukai\u201c naudojame slapukams ir kitoms pana\u0161ioms technologijoms, pavyzd\u017eiui, pikseli\u0173 \u017eymoms (angl. \u201ePixel Tags\u201c), \u017einiatinklio indikatoriams (angl. \u201eWeb Beacon\u201c), tinklo duomen\u0173 rink\u0117jams (angl. \u201eclear GIF\u201c) apib\u016bdinti.<\/p>\n<p><strong>Slapuk\u0173 naudojimas<\/strong><\/p>\n<p>Jums besilankant Duomen\u0173 valdytojo interneto svetain\u0117se, norime pateikti tok\u012f turin\u012f ir funkcijas, kurios b\u016bt\u0173 pritaikytos b\u016btent j\u016bs\u0173 poreikiams. Tam reikalingi slapukai (angl. cookies). Tai nedideli informacijos elementai, i\u0161saugomi j\u016bs\u0173 interneto nar\u0161ykl\u0117je. Jie padeda Duomen\u0173 valdytojui atpa\u017einti jus kaip ankstesn\u012f tam tikros interneto svetain\u0117s lankytoj\u0105, i\u0161saugoti j\u016bs\u0173 lankymosi svetain\u0117je istorij\u0105 ir pagal tai pritaikyti turin\u012f. Taip pat slapukai padeda u\u017etikrinti skland\u0173 svetaini\u0173 veikim\u0105, leid\u017eia steb\u0117ti lankymosi interneto svetain\u0117se trukm\u0119, da\u017enum\u0105 bei rinkti statistin\u0119 informacij\u0105 apie svetaini\u0173 lankytoj\u0173 skai\u010di\u0173. Analizuodami \u0161iuos duomenis galime savo svetaines tobulinti, padaryti jas patogesnes j\u016bs\u0173 naudojimui. Keli slapuk\u0173 naudojimo pavyzd\u017eiai:<\/p>\n<p>Slapukai leid\u017eia atpa\u017einti kiek unikali\u0173 vartotoj\u0173 nar\u0161o tinklapyje vienu metu, tai padeda u\u017etikrinti skland\u0173 ir greit\u0105 jo veikim\u0105;<\/p>\n<ul>\n<li>Slapukai leid\u017eia i\u0161analizuoti surinkt\u0105 informacij\u0105 apie unikali\u0173 vartotoj\u0173 nar\u0161ym\u0105, tai padeda tinklapio veikim\u0105 pritaikyti prie j\u016bs\u0173 poreiki\u0173.<\/li>\n<\/ul>\n<p><strong>Slapukus, naudojamus m\u016bs\u0173 svetain\u0117se galima sugrupuoti \u012f \u0161iuos tipus:<\/strong><\/p>\n<p>A )B\u016btini slapukai yra grie\u017etai b\u016btini, kad atitinkama m\u016bs\u0173 svetain\u0117 gal\u0117t\u0173 atlikti pagrindines funkcijas. \u0160ie slapukai leid\u017eia jums nar\u0161yti svetain\u0117je ir naudotis pageidaujamomis funkcijomis, pavyzd\u017eiui, suteikia prieig\u0105 prie saugi\u0173 svetain\u0117s sri\u010di\u0173. Be \u0161i\u0173 slapuk\u0173 negal\u0117tume teikti paslaug\u0173, kurios leid\u017eia \u0161iai svetainei veikti.<\/p>\n<ol>\n<li>B) Veiklos slapukai renka anonimin\u0119 informacij\u0105 apie tai, kaip lankytojai naudoja svetain\u0119. Pateikdami informacijos apie aplankytas sritis, svetain\u0117je praleist\u0105 laik\u0105 ir bet kokias i\u0161kilusias problemas, pavyzd\u017eiui, klaidos prane\u0161imus, \u0161ie slapukai padeda mums suprasti, kaip lankytojai elgiasi svetain\u0117je. \u0160i informacija padeda mums pagerinti svetain\u0117s veikim\u0105.<\/li>\n<\/ol>\n<p><strong>Slapuk\u0173 pagalba renkami \u0161ie duomenys:<\/strong><\/p>\n<p>Administruodami interneto svetaines bei diagnozuodami sutrikimus serveriuose, galime naudoti lankytoj\u0173 kompiuteri\u0173 IP adresus. IP adresas \u2013 tai kompiuter\u012f identifikuojantis unikalus kodas tinkluose. Jis gali b\u016bti naudojamas nustatant lankytoj\u0105 ir renkant \u012fvairi\u0105 demografin\u0119 informacij\u0105. Tai daro absoliu\u010dios daugumos interneto serveri\u0173 administratoriai.<\/p>\n<ul>\n<li>Naudodami slapukus renkame duomenis apie paslaug\u0173 naudojim\u0105. Slapuk\u0173 tipai, naudojami m\u016bs\u0173 svetain\u0117se, nurodyti auk\u0161\u010diau.<\/li>\n<\/ul>\n<p><strong>Kaip valdyti ir i\u0161trinti slapukus?<\/strong><\/p>\n<p>Kai naudojate nar\u0161ykl\u0119 m\u016bs\u0173 teikiamam turiniui pasiekti, galite konfig\u016bruoti savo nar\u0161ykl\u0119 taip, kad b\u016bt\u0173 priimti visi slapukai, atmesti visi slapukai arba b\u016bt\u0173 prane\u0161ama, kai slapukas atsiun\u010diamas. Kiekviena nar\u0161ykl\u0117 skirtinga, tod\u0117l, jei ne\u017einote, kaip pakeisti slapuk\u0173 nuostatas, pasi\u017ei\u016br\u0117kite jos \u017einyno meniu. J\u016bs\u0173 \u012frenginio operacin\u0117je sistemoje gali b\u016bti papildom\u0173 slapuk\u0173 valdikli\u0173. Jei nenorite, kad informacija b\u016bt\u0173 renkama slapuk\u0173 pagalba, pasinaudokite daugelyje nar\u0161ykli\u0173 esama paprasta proced\u016bra, kuri leid\u017eia jums atsisakyti slapuk\u0173 naudojimosi. Nor\u0117dami daugiau su\u017einoti, kaip valdyti slapukus, apsilankykite adresu: http:\/\/www.allaboutcookies.org\/manage-cookies\/.<\/p>\n<p>Ta\u010diau nepamir\u0161kite, kad kai kurios paslaugos gali b\u016bti sukurtos taip, kad veikt\u0173 tik su slapukais, o juos i\u0161jung\u0119 j\u0173 arba tam tikr\u0173 j\u0173 dali\u0173 naudoti nebegal\u0117site.<\/p>\n<p><strong>Kita informacija susijusi su slapuk\u0173 naudojimu<\/strong><\/p>\n<p>Be Duomen\u0173 valdytojo naudojam\u0173 slapuk\u0173, m\u016bs\u0173 svetain\u0117se yra leid\u017eiama tam tikroms tre\u010diosioms \u0161alims nustatyti ir pasiekti slapukus j\u016bs\u0173 kompiuteryje. Tokiu atveju slapuk\u0173 naudojimui taikomos tre\u010di\u0173j\u0173 \u0161ali\u0173 privatumo taisykl\u0117s.<\/p>\n<p><strong><em>* Atkreipiame J\u016bs\u0173 d\u0117mes\u012f, kad \u012fmon\u0117s valdomoms \u201eFacebook\u201d paskyroms taikoma \u201cFacebook\u201d slapuk\u0173 politika.<\/em><\/strong><\/p>\n<p>M\u016bs\u0173 interneto svetain\u0117je yra \u0161ie slapukai:<\/p>\n<p>Pirmoji slapuk\u0173 r\u016b\u0161is \u2013 Informuojame, kad prisijungus prie m\u016bs\u0173 internetin\u0117s svetain\u0117s, siekiant naudotis internetine svetaine, \u012f J\u016bs\u0173 kompiuter\u012f \u012fra\u0161omi slapukai, nurodyti \u0161ioje lentel\u0117je:<\/p>\n<p>&nbsp;<img loading=\"lazy\" decoding=\"async\" src=\"https:\/\/lt.olearys.club\/akropolis\/wp-content\/uploads\/sites\/2\/2025\/05\/Screenshot-2025-05-14-100435-1.png\" alt=\"\" width=\"885\" height=\"271\"><\/p>\n<p>Auk\u0161\u010diau nurodyti Slapukai skirti informacijai perduoti elektronini\u0173 ry\u0161i\u0173 tinklu. Nar\u0161ykl\u0117s nustatymais j\u016bs galite i\u0161trinti arba blokuoti visus \u0161iuos Slapukus arba j\u0173 dal\u012f, bet tokiu atveju dalis m\u016bs\u0173 svetain\u0117s funkcij\u0173 gali neveikti.<\/p>\n<p>&nbsp;<\/p>\n<p><strong>Antroji Slapuk\u0173 r\u016b\u0161is<\/strong> \u2013 skirta rinkti informacij\u0105 lankomumui apskai\u010diuoti (rinkti statistin\u0119 informacij\u0105), pateikti lankytoj\u0173 interesus atitinkant\u012f turin\u012f ir i\u0161saugoti lankymosi istorij\u0105. M\u016bs\u0173 internetin\u0117 svetain\u0117 nenaudoja \u0161ios r\u016b\u0161ies Slapuk\u0173, ta\u010diau atkreipia lankytoj\u0173 d\u0117mes\u012f, kad kai kurie m\u016bs\u0173 Partneriai gali naudoti \u0161ios r\u016b\u0161ies Slapukus, tod\u0117l lankytojas \u012ftardamas, kad be jo sutikimo \u0161ios r\u016b\u0161ies Slapukai yra naudojami, tur\u0117t\u0173 kreiptis \u012f konkret\u0173 m\u016bs\u0173 Partner\u012f.<\/p>\n<p><strong>4.J\u016bs\u0173 asmens duomen\u0173 naudojimas (tikslas)<\/strong><\/p>\n<p>Asmens duomenys, pateikti \u0161ioje interneto svetain\u0117je, bus naudojami tikslams, nurodytiems \u0161ioje privatumo politikoje arba aktualiose \u0161ios interneto svetain\u0117s dalyse. Mes galime naudoti J\u016bs\u0173 asmens duomenis \u0161iems tikslams:<\/p>\n<ul>\n<li>Rezervavimo boulingo takel\u012f tikslu;<\/li>\n<li>Gimtadienio \u0161vent\u0117s rezervavimo tikslu;<\/li>\n<li>Piet\u0173 rezervavimo tikslu;<\/li>\n<li>Dovan\u0173 kupono pirkimo tikslu;<\/li>\n<li>Turnyr\u0173 organizavimo tikslu;<\/li>\n<li>Jums sutikus gauti m\u016bs\u0173 paslaug\u0173 pasi\u016blymus (tiesiogin\u0117s rinkodaros tikslu).<\/li>\n<li>U\u017eklaus\u0173 administravimo tikslu;<\/li>\n<li>Potencialaus darbuotojo paie\u0161kos tikslu;<\/li>\n<li>Klient\u0173 kontaktin\u0117s informacijos rinkimo pagal Vyriausyb\u0117s nutarim\u0105 tikslu.<\/li>\n<\/ul>\n<p><strong>5.J\u016bs\u0173 asmens duomen\u0173 saugojimo terminas<\/strong><\/p>\n<p>J\u016bs\u0173 asmens duomenis saugosime tol, kol J\u016bs naudosit\u0117s m\u016bs\u0173 paslaugomis. Rinkodaros tikslais saugosime 3 metus. Potenciali\u0173 darbuotoj\u0173 paie\u0161kos tikslais \u2013 3 metus nuo J\u016bs\u0173 anketos atsiuntimo. Laikydamiesi Vyriausyb\u0117s nutarimo J\u016bs\u0173 kontaktinius duomenis saugosime iki 10 dien\u0173.<\/p>\n<ol start=\"6\">\n<li><strong> Jums garantuojamos teis\u0117s<\/strong><\/li>\n<\/ol>\n<p>Mes garantuojame \u0161i\u0173 J\u016bs\u0173 teisi\u0173 \u012fgyvendinim\u0105 ir bet kokios susijusios informacijos pateikim\u0105, esant J\u016bs\u0173 pra\u0161ymui ar paklausimui:<\/p>\n<p>1) \u017einoti (b\u016bti informuotam) apie savo asmens duomen\u0173 tvarkym\u0105;<\/p>\n<p>2) susipa\u017einti su savo asmens duomenimis ir kaip jie yra tvarkomi;<\/p>\n<p>3) pra\u0161yti i\u0161taisyti, sunaikinti savo asmens duomenis arba sustabdyti, i\u0161skyrus saugojim\u0105, savo asmens duomen\u0173 tvarkymo veiksmus;<\/p>\n<p>4) nesutikti, kad b\u016bt\u0173 tvarkomi j\u016bs\u0173 asmens duomenys, \u012fskaitant tiesiogin\u0119 rinkodar\u0105;<\/p>\n<p>5) pra\u0161yti i\u0161trinti J\u016bs\u0173 asmens duomenis (\u201eteis\u0117 b\u016bti pamir\u0161tam\u201c);<\/p>\n<p>6) pra\u0161yti savo asmens duomen\u0173 perk\u0117limo, tai yra leisti Jums susipa\u017einti su savo asmens duomenimis forma, kai Jums bus pateikiami asmens duomenys \u012fprastai naudojamu ir kompiuterio skaitomu formatu;<\/p>\n<p>7) teis\u0117 pateikti skund\u0105 Valstybinei duomen\u0173 apsaugos inspekcijai.<\/p>\n<ol start=\"7\">\n<li><strong> Kur kreiptis?<\/strong><\/li>\n<\/ol>\n<p>Esant bet kokiam J\u016bs\u0173 pra\u0161ymui d\u0117l asmens duomen\u0173 tvarkymo ar su tuo susijusiam klausimui, pra\u0161ome para\u0161yti mums <strong>apollo@apollo.lt<\/strong> Asmens duomen\u0173 tvarkymo Bendrov\u0117je klausimais galima kreiptis \u012f duomen\u0173 apsaugos pareig\u016bn\u0105: +370 659 92 012.<\/p>\n<ol start=\"8\">\n<li><strong> Politikos pakeitimai<\/strong><\/li>\n<\/ol>\n<p>APL Restaurants AKR, UAB turi teis\u0119 i\u0161 dalies ar visi\u0161kai pakeisti privatumo politik\u0105 apie tai prane\u0161dama savo svetain\u0117je www.e-olearys.lt. Tolimesnis naudojimasis m\u016bs\u0173 tinklapio paslaugomis rei\u0161kia \u0161i\u0173 taisykli\u0173 laikym\u0105si. Visi i\u0161kil\u0119 nesutarimai ir gin\u010dai sprend\u017eiami deryb\u0173 b\u016bdu. Nepavykus susitarti, gin\u010dai sprend\u017eiami pagal LR \u012fstatymus.<\/p>\n<p>&nbsp;<\/p>\n<p><\/p>\n","protected":false},"excerpt":{"rendered":"<p>APL Restaurantsm AKR, UAB, &nbsp;juridinio asmens kodas: 304971246, Adresu: Ukmerg\u0117s g. 219 , LT-07152, Vilnius (toliau \u2013 Mes) saugo savo klient\u0173 (toliau &#8211; J\u016bs, J\u016bs\u0173) asmens duomenis, taikydama auk\u0161\u010diausius techninius ir teisinius apsaugos standartus, kurie atitinka Europos S\u0105jungos Bendrojo duomen\u0173 apsaugos reglamento reikalavimus. \u017demiau J\u016bs galite susipa\u017einti su pagrindin\u0117mis asmens duomen\u0173 apsaugos tvarkos nuostatomis. Kokius&#8230;<\/p>\n","protected":false},"author":1,"featured_media":0,"parent":0,"menu_order":0,"comment_status":"closed","ping_status":"closed","template":"","meta":{"_crosspost_to_1":false,"footnotes":""},"class_list":["post-2598","page","type-page","status-publish","hentry"],"yoast_head":"<!-- This site is optimized with the Yoast SEO plugin v25.2 - https:\/\/yoast.com\/wordpress\/plugins\/seo\/ -->\n<title>Privatumo politika - Akropolis Vilnius<\/title>\n<meta name=\"robots\" content=\"index, follow, max-snippet:-1, max-image-preview:large, max-video-preview:-1\" \/>\n<link rel=\"canonical\" href=\"https:\/\/lt.olearys.club\/akropolis\/privatumo-politika\/\" \/>\n<meta property=\"og:locale\" content=\"lt_LT\" \/>\n<meta property=\"og:type\" content=\"article\" \/>\n<meta property=\"og:title\" content=\"Privatumo politika - Akropolis Vilnius\" \/>\n<meta property=\"og:description\" content=\"APL Restaurantsm AKR, UAB, &nbsp;juridinio asmens kodas: 304971246, Adresu: Ukmerg\u0117s g. 219 , LT-07152, Vilnius (toliau \u2013 Mes) saugo savo klient\u0173 (toliau &#8211; J\u016bs, J\u016bs\u0173) asmens duomenis, taikydama auk\u0161\u010diausius techninius ir teisinius apsaugos standartus, kurie atitinka Europos S\u0105jungos Bendrojo duomen\u0173 apsaugos reglamento reikalavimus. \u017demiau J\u016bs galite susipa\u017einti su pagrindin\u0117mis asmens duomen\u0173 apsaugos tvarkos nuostatomis. Kokius...\" \/>\n<meta property=\"og:url\" content=\"https:\/\/lt.olearys.club\/akropolis\/privatumo-politika\/\" \/>\n<meta property=\"og:site_name\" content=\"Akropolis Vilnius\" \/>\n<meta property=\"article:modified_time\" content=\"2025-06-27T09:20:58+00:00\" \/>\n<meta property=\"og:image\" content=\"https:\/\/lt.olearys.club\/akropolis\/wp-content\/uploads\/sites\/2\/2025\/05\/Screenshot-2025-05-14-100435-1.png\" \/>\n<meta name=\"twitter:card\" content=\"summary_large_image\" \/>\n<meta name=\"twitter:label1\" content=\"Est. reading time\" \/>\n\t<meta name=\"twitter:data1\" content=\"1 minut\u0117\" \/>\n<script type=\"application\/ld+json\" class=\"yoast-schema-graph\">{\"@context\":\"https:\/\/schema.org\",\"@graph\":[{\"@type\":\"WebPage\",\"@id\":\"https:\/\/lt.olearys.club\/akropolis\/privatumo-politika\/\",\"url\":\"https:\/\/lt.olearys.club\/akropolis\/privatumo-politika\/\",\"name\":\"Privatumo politika - Akropolis Vilnius\",\"isPartOf\":{\"@id\":\"https:\/\/lt.olearys.club\/akropolis\/#website\"},\"primaryImageOfPage\":{\"@id\":\"https:\/\/lt.olearys.club\/akropolis\/privatumo-politika\/#primaryimage\"},\"image\":{\"@id\":\"https:\/\/lt.olearys.club\/akropolis\/privatumo-politika\/#primaryimage\"},\"thumbnailUrl\":\"https:\/\/lt.olearys.club\/akropolis\/wp-content\/uploads\/sites\/2\/2025\/05\/Screenshot-2025-05-14-100435-1.png\",\"datePublished\":\"2025-06-27T09:19:36+00:00\",\"dateModified\":\"2025-06-27T09:20:58+00:00\",\"inLanguage\":\"lt-LT\",\"potentialAction\":[{\"@type\":\"ReadAction\",\"target\":[\"https:\/\/lt.olearys.club\/akropolis\/privatumo-politika\/\"]}]},{\"@type\":\"ImageObject\",\"inLanguage\":\"lt-LT\",\"@id\":\"https:\/\/lt.olearys.club\/akropolis\/privatumo-politika\/#primaryimage\",\"url\":\"https:\/\/lt.olearys.club\/akropolis\/wp-content\/uploads\/sites\/2\/2025\/05\/Screenshot-2025-05-14-100435-1.png\",\"contentUrl\":\"https:\/\/lt.olearys.club\/akropolis\/wp-content\/uploads\/sites\/2\/2025\/05\/Screenshot-2025-05-14-100435-1.png\",\"width\":985,\"height\":302},{\"@type\":\"WebSite\",\"@id\":\"https:\/\/lt.olearys.club\/akropolis\/#website\",\"url\":\"https:\/\/lt.olearys.club\/akropolis\/\",\"name\":\"Akropolis Vilnius\",\"description\":\"Olearys website\",\"potentialAction\":[{\"@type\":\"SearchAction\",\"target\":{\"@type\":\"EntryPoint\",\"urlTemplate\":\"https:\/\/lt.olearys.club\/akropolis\/?s={search_term_string}\"},\"query-input\":{\"@type\":\"PropertyValueSpecification\",\"valueRequired\":true,\"valueName\":\"search_term_string\"}}],\"inLanguage\":\"lt-LT\"}]}<\/script>\n<!-- \/ Yoast SEO plugin. -->","yoast_head_json":{"title":"Privatumo politika - Akropolis Vilnius","robots":{"index":"index","follow":"follow","max-snippet":"max-snippet:-1","max-image-preview":"max-image-preview:large","max-video-preview":"max-video-preview:-1"},"canonical":"https:\/\/lt.olearys.club\/akropolis\/privatumo-politika\/","og_locale":"lt_LT","og_type":"article","og_title":"Privatumo politika - Akropolis Vilnius","og_description":"APL Restaurantsm AKR, UAB, &nbsp;juridinio asmens kodas: 304971246, Adresu: Ukmerg\u0117s g. 219 , LT-07152, Vilnius (toliau \u2013 Mes) saugo savo klient\u0173 (toliau &#8211; J\u016bs, J\u016bs\u0173) asmens duomenis, taikydama auk\u0161\u010diausius techninius ir teisinius apsaugos standartus, kurie atitinka Europos S\u0105jungos Bendrojo duomen\u0173 apsaugos reglamento reikalavimus. \u017demiau J\u016bs galite susipa\u017einti su pagrindin\u0117mis asmens duomen\u0173 apsaugos tvarkos nuostatomis. Kokius...","og_url":"https:\/\/lt.olearys.club\/akropolis\/privatumo-politika\/","og_site_name":"Akropolis Vilnius","article_modified_time":"2025-06-27T09:20:58+00:00","og_image":[{"url":"https:\/\/lt.olearys.club\/akropolis\/wp-content\/uploads\/sites\/2\/2025\/05\/Screenshot-2025-05-14-100435-1.png","type":"","width":"","height":""}],"twitter_card":"summary_large_image","twitter_misc":{"Est. reading time":"1 minut\u0117"},"schema":{"@context":"https:\/\/schema.org","@graph":[{"@type":"WebPage","@id":"https:\/\/lt.olearys.club\/akropolis\/privatumo-politika\/","url":"https:\/\/lt.olearys.club\/akropolis\/privatumo-politika\/","name":"Privatumo politika - Akropolis Vilnius","isPartOf":{"@id":"https:\/\/lt.olearys.club\/akropolis\/#website"},"primaryImageOfPage":{"@id":"https:\/\/lt.olearys.club\/akropolis\/privatumo-politika\/#primaryimage"},"image":{"@id":"https:\/\/lt.olearys.club\/akropolis\/privatumo-politika\/#primaryimage"},"thumbnailUrl":"https:\/\/lt.olearys.club\/akropolis\/wp-content\/uploads\/sites\/2\/2025\/05\/Screenshot-2025-05-14-100435-1.png","datePublished":"2025-06-27T09:19:36+00:00","dateModified":"2025-06-27T09:20:58+00:00","inLanguage":"lt-LT","potentialAction":[{"@type":"ReadAction","target":["https:\/\/lt.olearys.club\/akropolis\/privatumo-politika\/"]}]},{"@type":"ImageObject","inLanguage":"lt-LT","@id":"https:\/\/lt.olearys.club\/akropolis\/privatumo-politika\/#primaryimage","url":"https:\/\/lt.olearys.club\/akropolis\/wp-content\/uploads\/sites\/2\/2025\/05\/Screenshot-2025-05-14-100435-1.png","contentUrl":"https:\/\/lt.olearys.club\/akropolis\/wp-content\/uploads\/sites\/2\/2025\/05\/Screenshot-2025-05-14-100435-1.png","width":985,"height":302},{"@type":"WebSite","@id":"https:\/\/lt.olearys.club\/akropolis\/#website","url":"https:\/\/lt.olearys.club\/akropolis\/","name":"Akropolis Vilnius","description":"Olearys website","potentialAction":[{"@type":"SearchAction","target":{"@type":"EntryPoint","urlTemplate":"https:\/\/lt.olearys.club\/akropolis\/?s={search_term_string}"},"query-input":{"@type":"PropertyValueSpecification","valueRequired":true,"valueName":"search_term_string"}}],"inLanguage":"lt-LT"}]}},"_links":{"self":[{"href":"https:\/\/lt.olearys.club\/akropolis\/wp-json\/wp\/v2\/pages\/2598","targetHints":{"allow":["GET"]}}],"collection":[{"href":"https:\/\/lt.olearys.club\/akropolis\/wp-json\/wp\/v2\/pages"}],"about":[{"href":"https:\/\/lt.olearys.club\/akropolis\/wp-json\/wp\/v2\/types\/page"}],"author":[{"embeddable":true,"href":"https:\/\/lt.olearys.club\/akropolis\/wp-json\/wp\/v2\/users\/1"}],"replies":[{"embeddable":true,"href":"https:\/\/lt.olearys.club\/akropolis\/wp-json\/wp\/v2\/comments?post=2598"}],"version-history":[{"count":3,"href":"https:\/\/lt.olearys.club\/akropolis\/wp-json\/wp\/v2\/pages\/2598\/revisions"}],"predecessor-version":[{"id":2600,"href":"https:\/\/lt.olearys.club\/akropolis\/wp-json\/wp\/v2\/pages\/2598\/revisions\/2600"}],"wp:attachment":[{"href":"https:\/\/lt.olearys.club\/akropolis\/wp-json\/wp\/v2\/media?parent=2598"}],"curies":[{"name":"wp","href":"https:\/\/api.w.org\/{rel}","templated":true}]}}